{"id":28,"date":"2021-03-13T10:09:46","date_gmt":"2021-03-13T13:09:46","guid":{"rendered":"http:\/\/192.168.1.160\/wpkine\/?page_id=28"},"modified":"2021-03-13T10:09:46","modified_gmt":"2021-03-13T13:09:46","slug":"historia-mision-y-vision","status":"publish","type":"page","link":"https:\/\/kinesiocatamarca.org.ar\/v3\/historia-mision-y-vision\/","title":{"rendered":"Historia, Misi\u00f3n y Visi\u00f3n"},"content":{"rendered":"\n<div id=\"section-g41cd7f\" class=\"wp-block-gutentor-e1 section-g41cd7f gutentor-element gutentor-element-advanced-text\"><div class=\"gutentor-text-wrap\"><h3 class=\"gutentor-text\">HISTORIA, RESULTADOS Y COMPROMISO<\/h3><\/div><\/div>\n\n\n\n<div id=\"section-g097a4f\" class=\"wp-block-gutentor-e1 section-g097a4f gutentor-element gutentor-element-advanced-text\"><div class=\"gutentor-text-wrap\"><p class=\"gutentor-text\">Su fundaci\u00f3n, ocurrida el<strong>\u00a05 de marzo de 1990<\/strong>, fue una respuesta natural a la necesidad de los profesionales que ejerc\u00edan en aquel tiempo, escindirse, del colegio del que formaban parte hasta ese momento, y velar por sus intereses.<br>Aquellos pioneros asistieron al nacimiento de una entidad que los contuvo en su seno atendiendo las necesidades de la disciplina a la que d\u00eda a d\u00eda le dedican su mejor esfuerzo como un modo de vida.<br>La actividad de nuestro colegio comenz\u00f3 formalmente el\u00a0<strong>7 de mayo de 1990<\/strong>. Entonces, los profesionales, conforme a sus creencia religiosas, juraron desempe\u00f1ar fielmente la kinesiolog\u00eda y la fisioterapia, observando y respetando las disposiciones legales estatutarias vigentes, hacer participes a todos los matriculados de las actividades que el colegio lleve adelante y mantener siempre principios de solidaridad profesional y social.<br>Son muchos los logros profesionales, acad\u00e9micos y materiales que a lo largo de estos a\u00f1os fueron reafirmando el camino correcto a transitar. Entre ellos,\u00a0<em><strong>citamos la construcci\u00f3n de la sede que orgullosamente disfrutamos, la adquisici\u00f3n de terrenos para colegiados, la aprobaci\u00f3n del c\u00f3digo de \u00e9tica en la profesi\u00f3n, subsidios por nacimiento, casamiento y fallecimiento.<\/strong><\/em><br>Otro hecho muy auspicioso resulto la organizaci\u00f3n de las primeras olimpiadas kin\u00e9sicas entre el 15 y 17 de agosto de 2004. Para este evento deportivo y recreativo nuestro colegio fue anfitri\u00f3n de delegaciones de colegas provenientes de varias provincias.<br>Con much\u00edsimas dificultades, pero convencido del papel que debe cumplir frente a sus matriculados y la sociedad en la que est\u00e1 inserto, el\u00a0<strong>Colegio de Kinesi\u00f3logos y Fisioterapeutas<\/strong>\u00a0de la provincia de Catamarca renueva su compromiso de promover continuamente la formaci\u00f3n en kinesiolog\u00eda y fisioterapia y el ejercicio \u00e9tico y reglamentado de la profesi\u00f3n.<\/p><\/div><\/div>\n\n\n\n<div id=\"section-g729ab4\" class=\"wp-block-gutentor-e1 section-g729ab4 gutentor-element gutentor-element-advanced-text\"><div class=\"gutentor-text-wrap\"><h3 class=\"gutentor-text\">MISI\u00d3N<\/h3><\/div><\/div>\n\n\n\n<div id=\"section-g78a9a6\" class=\"wp-block-gutentor-e1 section-g78a9a6 gutentor-element gutentor-element-advanced-text\"><div class=\"gutentor-text-wrap\"><p class=\"gutentor-text\">Nuestra misi\u00f3n en la sociedad catamarque\u00f1a es la concentrar a todos los profesionales de kinesiolog\u00eda y fisioterapia de la provincia, con el fin de asegurar la eficacia y la correcci\u00f3n en el ejercicio profesional, adem\u00e1s de velar por el progreso y el prestigio del sector, a trav\u00e9s de una correcta reglamentaci\u00f3n de las practicas, previniendo irregularidades, manteniendo la disciplina y fomentando lazos de solidaridad social y profesional entre los colegiados.<br>De la misma manera que le imponemos responsabilidades a nuestros socios, nos comprometemos a defender sus inter\u00e9s tanto materiales como acad\u00e9micos, controlando la prestaci\u00f3n de los servicios en base al sistema de abono establecido por reglamentaci\u00f3n y propiciando todo medio de perfeccionamiento cient\u00edfico y de capacitaci\u00f3n e investigaci\u00f3n posible.<\/p><\/div><\/div>\n\n\n\n<div id=\"section-g9d7f70\" class=\"wp-block-gutentor-e1 section-g9d7f70 gutentor-element gutentor-element-advanced-text\"><div class=\"gutentor-text-wrap\"><h3 class=\"gutentor-text\">VISI\u00d3N<\/h3><\/div><\/div>\n\n\n\n<div id=\"section-g6a403d\" class=\"wp-block-gutentor-e1 section-g6a403d gutentor-element gutentor-element-advanced-text\"><div class=\"gutentor-text-wrap\"><p class=\"gutentor-text\">Nuestra visi\u00f3n a futuro, es un continuo y firme crecimiento, que nos permitir\u00e1 seguir brind\u00e1ndoles respaldo a nuestros colegiados, seguir propiciando espacios para el crecimiento y la capacitaci\u00f3n acad\u00e9mica, a efectos de convertirnos en un referente de nuestra disciplina en todo el noroeste argentino.<br>Tambi\u00e9n tenemos el anhelo de lograr abrir camino hacia la especializaci\u00f3n y jerarquizaci\u00f3n de cada una de las orientaciones que nuestra profesi\u00f3n permite en su desarrollo, logrando as\u00ed refinar y reglamentar la oferta de kinesiolog\u00eda y fisioterapia que se le propone a cada uno de nuestros pacientes.<\/p><\/div><\/div>\n\n\n\n<p><\/p>\n","protected":false},"excerpt":{"rendered":"","protected":false},"author":1,"featured_media":0,"parent":0,"menu_order":0,"comment_status":"closed","ping_status":"closed","template":"","meta":{"footnotes":""},"class_list":["post-28","page","type-page","status-publish","hentry"],"_links":{"self":[{"href":"https:\/\/kinesiocatamarca.org.ar\/v3\/wp-json\/wp\/v2\/pages\/28","targetHints":{"allow":["GET"]}}],"collection":[{"href":"https:\/\/kinesiocatamarca.org.ar\/v3\/wp-json\/wp\/v2\/pages"}],"about":[{"href":"https:\/\/kinesiocatamarca.org.ar\/v3\/wp-json\/wp\/v2\/types\/page"}],"author":[{"embeddable":true,"href":"https:\/\/kinesiocatamarca.org.ar\/v3\/wp-json\/wp\/v2\/users\/1"}],"replies":[{"embeddable":true,"href":"https:\/\/kinesiocatamarca.org.ar\/v3\/wp-json\/wp\/v2\/comments?post=28"}],"version-history":[{"count":1,"href":"https:\/\/kinesiocatamarca.org.ar\/v3\/wp-json\/wp\/v2\/pages\/28\/revisions"}],"predecessor-version":[{"id":107,"href":"https:\/\/kinesiocatamarca.org.ar\/v3\/wp-json\/wp\/v2\/pages\/28\/revisions\/107"}],"wp:attachment":[{"href":"https:\/\/kinesiocatamarca.org.ar\/v3\/wp-json\/wp\/v2\/media?parent=28"}],"curies":[{"name":"wp","href":"https:\/\/api.w.org\/{rel}","templated":true}]}}